{"id":16,"date":"2023-07-18T23:20:35","date_gmt":"2023-07-19T02:20:35","guid":{"rendered":"https:\/\/www.desfasados.org\/?page_id=16"},"modified":"2024-09-01T12:24:28","modified_gmt":"2024-09-01T15:24:28","slug":"sobre-desfasados","status":"publish","type":"page","link":"https:\/\/www.desfasados.org\/?page_id=16","title":{"rendered":"Sobre Desfasados"},"content":{"rendered":"\n<p>Grupo de radioaficionados que desarrollan actividades al aire libre pero que en t\u00e9rminos generales nos interesamos en la radiotecnia con car\u00e1cter exclusivamente personal y sin fines de lucro, y de estudios t\u00e9cnicos.<\/p>\n\n\n\n<p><strong>Breve historia de Desfasados<\/strong><\/p>\n\n\n\n<p>En el a\u00f1o 2010, se inician las actividades de radioafici\u00f3n en las estaciones ferroviarias. El Palenque es la primer estaci\u00f3n en activarse con integrantes del Grupo Desfasados Radioafici\u00f3n al Aire Libre. M\u00e1s tarde, all\u00e1 por el a\u00f1o 2011, se realiza la activaci\u00f3n de la Estaci\u00f3n Ferrocarril Paran\u00e1 y se considera como la segunda actividad realizada por algunos integrantes del grupo. Pasados algunos a\u00f1os, se retoman las actividades de radio al aire libre en estaciones ferroviarias, dando lugar a la tercera activaci\u00f3n en la Estaci\u00f3n Tezanos Pintos, dicha actividad es considerada como la primer actividad del Grupo Desfasados Radioafici\u00f3n al aire libre.<\/p>\n","protected":false},"excerpt":{"rendered":"<p>Grupo de radioaficionados que desarrollan actividades al aire libre pero que en t\u00e9rminos generales nos interesamos en la radiotecnia con<\/p>\n","protected":false},"author":1,"featured_media":0,"parent":0,"menu_order":0,"comment_status":"closed","ping_status":"closed","template":"","meta":{"footnotes":""},"class_list":["post-16","page","type-page","status-publish","hentry","comments-off"],"_links":{"self":[{"href":"https:\/\/www.desfasados.org\/index.php?rest_route=\/wp\/v2\/pages\/16","targetHints":{"allow":["GET"]}}],"collection":[{"href":"https:\/\/www.desfasados.org\/index.php?rest_route=\/wp\/v2\/pages"}],"about":[{"href":"https:\/\/www.desfasados.org\/index.php?rest_route=\/wp\/v2\/types\/page"}],"author":[{"embeddable":true,"href":"https:\/\/www.desfasados.org\/index.php?rest_route=\/wp\/v2\/users\/1"}],"replies":[{"embeddable":true,"href":"https:\/\/www.desfasados.org\/index.php?rest_route=%2Fwp%2Fv2%2Fcomments&post=16"}],"version-history":[{"count":3,"href":"https:\/\/www.desfasados.org\/index.php?rest_route=\/wp\/v2\/pages\/16\/revisions"}],"predecessor-version":[{"id":957,"href":"https:\/\/www.desfasados.org\/index.php?rest_route=\/wp\/v2\/pages\/16\/revisions\/957"}],"wp:attachment":[{"href":"https:\/\/www.desfasados.org\/index.php?rest_route=%2Fwp%2Fv2%2Fmedia&parent=16"}],"curies":[{"name":"wp","href":"https:\/\/api.w.org\/{rel}","templated":true}]}}