{"id":54,"date":"2023-07-19T15:13:44","date_gmt":"2023-07-19T18:13:44","guid":{"rendered":"https:\/\/www.desfasados.org\/?page_id=54"},"modified":"2024-07-07T13:23:34","modified_gmt":"2024-07-07T16:23:34","slug":"contacto","status":"publish","type":"page","link":"https:\/\/www.desfasados.org\/?page_id=54","title":{"rendered":"Contacto"},"content":{"rendered":"\n<p>Correo electr\u00f3nico: desfasados.oficial@gmail.com<\/p>\n\n\n\n<p>CP 3100, Paran\u00e1, Entre R\u00edos, Argentina.<\/p>\n","protected":false},"excerpt":{"rendered":"<p>Correo electr\u00f3nico: desfasados.oficial@gmail.com CP 3100, Paran\u00e1, Entre R\u00edos, Argentina.<\/p>\n","protected":false},"author":1,"featured_media":0,"parent":0,"menu_order":0,"comment_status":"closed","ping_status":"closed","template":"","meta":{"footnotes":""},"class_list":["post-54","page","type-page","status-publish","hentry","comments-off"],"_links":{"self":[{"href":"https:\/\/www.desfasados.org\/index.php?rest_route=\/wp\/v2\/pages\/54","targetHints":{"allow":["GET"]}}],"collection":[{"href":"https:\/\/www.desfasados.org\/index.php?rest_route=\/wp\/v2\/pages"}],"about":[{"href":"https:\/\/www.desfasados.org\/index.php?rest_route=\/wp\/v2\/types\/page"}],"author":[{"embeddable":true,"href":"https:\/\/www.desfasados.org\/index.php?rest_route=\/wp\/v2\/users\/1"}],"replies":[{"embeddable":true,"href":"https:\/\/www.desfasados.org\/index.php?rest_route=%2Fwp%2Fv2%2Fcomments&post=54"}],"version-history":[{"count":5,"href":"https:\/\/www.desfasados.org\/index.php?rest_route=\/wp\/v2\/pages\/54\/revisions"}],"predecessor-version":[{"id":729,"href":"https:\/\/www.desfasados.org\/index.php?rest_route=\/wp\/v2\/pages\/54\/revisions\/729"}],"wp:attachment":[{"href":"https:\/\/www.desfasados.org\/index.php?rest_route=%2Fwp%2Fv2%2Fmedia&parent=54"}],"curies":[{"name":"wp","href":"https:\/\/api.w.org\/{rel}","templated":true}]}}